{"id":324,"date":"2022-03-17T23:54:05","date_gmt":"2022-03-18T02:54:05","guid":{"rendered":"https:\/\/www.cdmolokai.cl\/nweb\/?page_id=324"},"modified":"2024-09-03T16:34:19","modified_gmt":"2024-09-03T20:34:19","slug":"boletines-informativos","status":"publish","type":"page","link":"https:\/\/www.cdmolokai.cl\/nweb\/boletines-informativos\/","title":{"rendered":"Boletines Informativos"},"content":{"rendered":"\n<p><strong>\u00a1Hola!! \u00a1Bienvenidos al Bolet\u00edn de Pastoral!!<\/strong><br>Aqu\u00ed podr\u00e1s ver y\/o descargar los boletines informativos que se publicar\u00e1n mes a mes. \u00a1Bendiciones para todos!!<\/p>\n\n\n\n<ul class=\"wp-block-list\">\n<li><strong><a href=\"https:\/\/www.cdmolokai.cl\/nweb\/wp-content\/uploads\/2024\/09\/Boletin-Pastoral-septiembre-2024.pdf\" target=\"_blank\" rel=\"noreferrer noopener\">Bolet\u00edn Septiembre.2024<\/a><\/strong><\/li>\n\n\n\n<li><strong><a href=\"https:\/\/www.cdmolokai.cl\/nweb\/wp-content\/uploads\/2024\/08\/Boletin-Pastoral-Agosto-2024.pdf\" target=\"_blank\" rel=\"noreferrer noopener\">Bolet\u00edn Agosto.2024<\/a><\/strong><\/li>\n\n\n\n<li><strong><a href=\"https:\/\/www.cdmolokai.cl\/nweb\/wp-content\/uploads\/2024\/05\/boletin-pastoral-mayo-2024.pdf\" target=\"_blank\" rel=\"noreferrer noopener\">Bolet\u00edn Mayo.2024<\/a><\/strong><\/li>\n\n\n\n<li><strong><a href=\"https:\/\/www.cdmolokai.cl\/nweb\/wp-content\/uploads\/2024\/04\/boletin-pastoral-abril-2024.pdf\" target=\"_blank\" rel=\"noreferrer noopener\">Bolet\u00edn Abril.2024<\/a><\/strong><\/li>\n\n\n\n<li><strong><a href=\"https:\/\/www.cdmolokai.cl\/nweb\/2023\/03\/14\/boletin-pastoral-mes-de-marzo\/\" data-type=\"link\" data-id=\"https:\/\/www.cdmolokai.cl\/nweb\/2023\/03\/14\/boletin-pastoral-mes-de-marzo\/\">Bolet\u00edn Marzo.2023<\/a><\/strong><\/li>\n\n\n\n<li><strong><a href=\"https:\/\/www.cdmolokai.cl\/nweb\/2023\/05\/03\/boletin-pastoral-mes-de-mayo\/\" data-type=\"link\" data-id=\"https:\/\/www.cdmolokai.cl\/nweb\/2023\/05\/03\/boletin-pastoral-mes-de-mayo\/\">Bolet\u00edn Mayo.2023<\/a><\/strong><\/li>\n\n\n\n<li><a href=\"https:\/\/www.cdmolokai.cl\/nweb\/2023\/08\/02\/boletin-pastoral-mes-de-agosto\/\" data-type=\"link\" data-id=\"https:\/\/www.cdmolokai.cl\/nweb\/2023\/08\/02\/boletin-pastoral-mes-de-agosto\/\"><strong>Bolet\u00edn Agosto.2023<\/strong><\/a><\/li>\n\n\n\n<li><a href=\"https:\/\/www.cdmolokai.cl\/nweb\/2023\/09\/06\/boletin-pastoral-mes-de-septiembre\/\" data-type=\"link\" data-id=\"https:\/\/www.cdmolokai.cl\/nweb\/2023\/09\/06\/boletin-pastoral-mes-de-septiembre\/\"><strong>Bolet\u00edn Septiembre.2023<\/strong><\/a><\/li>\n<\/ul>\n\n\n\n<p><\/p>\n","protected":false},"excerpt":{"rendered":"<p>\u00a1Hola!! \u00a1Bienvenidos al Bolet\u00edn de Pastoral!!Aqu\u00ed podr\u00e1s ver y\/o descargar los boletines informativos que se publicar\u00e1n mes a mes. \u00a1Bendiciones <a href=\"https:\/\/www.cdmolokai.cl\/nweb\/boletines-informativos\/\" class=\"read-more\">Leer mas &#8230;<\/a><\/p>\n","protected":false},"author":1,"featured_media":1875,"parent":0,"menu_order":0,"comment_status":"closed","ping_status":"closed","template":"","meta":{"footnotes":""},"class_list":["post-324","page","type-page","status-publish","has-post-thumbnail","hentry"],"_links":{"self":[{"href":"https:\/\/www.cdmolokai.cl\/nweb\/wp-json\/wp\/v2\/pages\/324","targetHints":{"allow":["GET"]}}],"collection":[{"href":"https:\/\/www.cdmolokai.cl\/nweb\/wp-json\/wp\/v2\/pages"}],"about":[{"href":"https:\/\/www.cdmolokai.cl\/nweb\/wp-json\/wp\/v2\/types\/page"}],"author":[{"embeddable":true,"href":"https:\/\/www.cdmolokai.cl\/nweb\/wp-json\/wp\/v2\/users\/1"}],"replies":[{"embeddable":true,"href":"https:\/\/www.cdmolokai.cl\/nweb\/wp-json\/wp\/v2\/comments?post=324"}],"version-history":[{"count":11,"href":"https:\/\/www.cdmolokai.cl\/nweb\/wp-json\/wp\/v2\/pages\/324\/revisions"}],"predecessor-version":[{"id":2313,"href":"https:\/\/www.cdmolokai.cl\/nweb\/wp-json\/wp\/v2\/pages\/324\/revisions\/2313"}],"wp:featuredmedia":[{"embeddable":true,"href":"https:\/\/www.cdmolokai.cl\/nweb\/wp-json\/wp\/v2\/media\/1875"}],"wp:attachment":[{"href":"https:\/\/www.cdmolokai.cl\/nweb\/wp-json\/wp\/v2\/media?parent=324"}],"curies":[{"name":"wp","href":"https:\/\/api.w.org\/{rel}","templated":true}]}}