{"id":187,"date":"2022-03-15T16:28:49","date_gmt":"2022-03-15T19:28:49","guid":{"rendered":"https:\/\/www.cdmolokai.cl\/nweb\/?page_id=187"},"modified":"2023-04-13T09:24:20","modified_gmt":"2023-04-13T13:24:20","slug":"mision","status":"publish","type":"page","link":"https:\/\/www.cdmolokai.cl\/nweb\/mision\/","title":{"rendered":"Misi\u00f3n"},"content":{"rendered":"\n<figure class=\"wp-block-image size-large is-resized\"><img loading=\"lazy\" decoding=\"async\" src=\"https:\/\/www.cdmolokai.cl\/nweb\/wp-content\/uploads\/2023\/04\/pintura-mision-padre-alberto-1024x218.jpg\" alt=\"\" class=\"wp-image-979\" width=\"531\" height=\"112\" srcset=\"https:\/\/www.cdmolokai.cl\/nweb\/wp-content\/uploads\/2023\/04\/pintura-mision-padre-alberto-1024x218.jpg 1024w, https:\/\/www.cdmolokai.cl\/nweb\/wp-content\/uploads\/2023\/04\/pintura-mision-padre-alberto-300x64.jpg 300w, https:\/\/www.cdmolokai.cl\/nweb\/wp-content\/uploads\/2023\/04\/pintura-mision-padre-alberto-768x163.jpg 768w, https:\/\/www.cdmolokai.cl\/nweb\/wp-content\/uploads\/2023\/04\/pintura-mision-padre-alberto-1536x327.jpg 1536w, https:\/\/www.cdmolokai.cl\/nweb\/wp-content\/uploads\/2023\/04\/pintura-mision-padre-alberto-360x77.jpg 360w, https:\/\/www.cdmolokai.cl\/nweb\/wp-content\/uploads\/2023\/04\/pintura-mision-padre-alberto.jpg 1608w\" sizes=\"auto, (max-width: 531px) 100vw, 531px\" \/><\/figure>\n\n\n\n<blockquote class=\"wp-block-quote is-layout-flow wp-block-quote-is-layout-flow\">\n<p>Educar y formar ni\u00f1os y ni\u00f1as en base a los principios de: Cristo-c\u00e9ntrico, Mariano, San Juan XXIII y San Dami\u00e1n de Molokai, junto a valores cristianos como el respeto, responsabilidad, verdad, solidaridad, perseverancia y resiliencia; con una solida educaci\u00f3n favoreciendo el desarrollo de habilidades, actitudes y estilos de vida saludable en los estudiantes, con sentido ecol\u00f3gico reflejado en el cuidado del medio ambiente, con el fin de responder a las necesidades educativas, e incorporando a la familia en este proceso.<\/p>\n<\/blockquote>\n","protected":false},"excerpt":{"rendered":"<p>Educar y formar ni\u00f1os y ni\u00f1as en base a los principios de: Cristo-c\u00e9ntrico, Mariano, San Juan XXIII y San Dami\u00e1n <a href=\"https:\/\/www.cdmolokai.cl\/nweb\/mision\/\" class=\"read-more\">Leer mas &#8230;<\/a><\/p>\n","protected":false},"author":1,"featured_media":0,"parent":0,"menu_order":0,"comment_status":"closed","ping_status":"closed","template":"","meta":{"footnotes":""},"class_list":["post-187","page","type-page","status-publish","hentry"],"_links":{"self":[{"href":"https:\/\/www.cdmolokai.cl\/nweb\/wp-json\/wp\/v2\/pages\/187","targetHints":{"allow":["GET"]}}],"collection":[{"href":"https:\/\/www.cdmolokai.cl\/nweb\/wp-json\/wp\/v2\/pages"}],"about":[{"href":"https:\/\/www.cdmolokai.cl\/nweb\/wp-json\/wp\/v2\/types\/page"}],"author":[{"embeddable":true,"href":"https:\/\/www.cdmolokai.cl\/nweb\/wp-json\/wp\/v2\/users\/1"}],"replies":[{"embeddable":true,"href":"https:\/\/www.cdmolokai.cl\/nweb\/wp-json\/wp\/v2\/comments?post=187"}],"version-history":[{"count":3,"href":"https:\/\/www.cdmolokai.cl\/nweb\/wp-json\/wp\/v2\/pages\/187\/revisions"}],"predecessor-version":[{"id":982,"href":"https:\/\/www.cdmolokai.cl\/nweb\/wp-json\/wp\/v2\/pages\/187\/revisions\/982"}],"wp:attachment":[{"href":"https:\/\/www.cdmolokai.cl\/nweb\/wp-json\/wp\/v2\/media?parent=187"}],"curies":[{"name":"wp","href":"https:\/\/api.w.org\/{rel}","templated":true}]}}